{"id":26,"date":"2023-05-18T13:25:55","date_gmt":"2023-05-18T13:25:55","guid":{"rendered":"https:\/\/jamniuk.pl\/?page_id=26"},"modified":"2023-05-23T09:22:43","modified_gmt":"2023-05-23T09:22:43","slug":"relokacja-fabryk","status":"publish","type":"page","link":"https:\/\/jamniuk.pl\/index.php\/oferta-uslug\/relokacja-fabryk\/","title":{"rendered":"Relokacja fabryk"},"content":{"rendered":"\t\t<div data-elementor-type=\"wp-page\" data-elementor-id=\"26\" class=\"elementor elementor-26\">\n\t\t\t\t\t\t\t\t\t<section class=\"elementor-section elementor-top-section elementor-element elementor-element-1420258 elementor-section-boxed elementor-section-height-default elementor-section-height-default\" data-id=\"1420258\" data-element_type=\"section\">\n\t\t\t\t\t\t<div class=\"elementor-container elementor-column-gap-default\">\n\t\t\t\t\t<div class=\"elementor-column elementor-col-100 elementor-top-column elementor-element elementor-element-0da0dcf\" data-id=\"0da0dcf\" data-element_type=\"column\">\n\t\t\t<div class=\"elementor-widget-wrap elementor-element-populated\">\n\t\t\t\t\t\t\t\t<div class=\"elementor-element elementor-element-62121d3 elementor-widget elementor-widget-text-editor\" data-id=\"62121d3\" data-element_type=\"widget\" data-widget_type=\"text-editor.default\">\n\t\t\t\t<div class=\"elementor-widget-container\">\n\t\t\t<style>\/*! elementor - v3.13.3 - 28-05-2023 *\/\n.elementor-widget-text-editor.elementor-drop-cap-view-stacked .elementor-drop-cap{background-color:#69727d;color:#fff}.elementor-widget-text-editor.elementor-drop-cap-view-framed .elementor-drop-cap{color:#69727d;border:3px solid;background-color:transparent}.elementor-widget-text-editor:not(.elementor-drop-cap-view-default) .elementor-drop-cap{margin-top:8px}.elementor-widget-text-editor:not(.elementor-drop-cap-view-default) .elementor-drop-cap-letter{width:1em;height:1em}.elementor-widget-text-editor .elementor-drop-cap{float:left;text-align:center;line-height:1;font-size:50px}.elementor-widget-text-editor .elementor-drop-cap-letter{display:inline-block}<\/style>\t\t\t\t<p>Nasz\u0105 sztandarow\u0105 us\u0142ug\u0105 jest relokacja fabryk. Dzi\u0119ki niej, mo\u017cliwe jest bezproblemowa i wygodna zmiana i przeniesienie miejsca naszego zak\u0142adu.<br \/>Wiele os\u00f3b mo\u017ce niech\u0119tnie podchodzi\u0107 do pomys\u0142u zmiany siedziby swojej firmy z powodu wielu mo\u017cliwych niedogodno\u015bci. Du\u017ce i ci\u0119\u017ckie maszyny, ogromne konstrukcje i inne elementy wyposa\u017cenia trudne do przewiezienia mog\u0105 sprawi\u0107, \u017ce w\u0142a\u015bciciele fabryk b\u0119d\u0105 my\u015ble\u0107, \u017ce przeprowadzka firmy w og\u00f3le nie wchodzi w gr\u0119! Przenoszenie linii produkcyjnych jest jednak mo\u017cliwe &#8211; dzi\u0119ki naszym us\u0142ugom!<\/p>\t\t\t\t\t\t<\/div>\n\t\t\t\t<\/div>\n\t\t\t\t\t<\/div>\n\t\t<\/div>\n\t\t\t\t\t\t\t<\/div>\n\t\t<\/section>\n\t\t\t\t<section class=\"elementor-section elementor-top-section elementor-element elementor-element-de1b4ef elementor-section-boxed elementor-section-height-default elementor-section-height-default\" data-id=\"de1b4ef\" data-element_type=\"section\">\n\t\t\t\t\t\t<div class=\"elementor-container elementor-column-gap-default\">\n\t\t\t\t\t<div class=\"elementor-column elementor-col-100 elementor-top-column elementor-element elementor-element-5f9b307\" data-id=\"5f9b307\" data-element_type=\"column\">\n\t\t\t<div class=\"elementor-widget-wrap elementor-element-populated\">\n\t\t\t\t\t\t\t\t<div class=\"elementor-element elementor-element-f3b10b7 elementor-widget elementor-widget-heading\" data-id=\"f3b10b7\" data-element_type=\"widget\" data-widget_type=\"heading.default\">\n\t\t\t\t<div class=\"elementor-widget-container\">\n\t\t\t<style>\/*! elementor - v3.13.3 - 28-05-2023 *\/\n.elementor-heading-title{padding:0;margin:0;line-height:1}.elementor-widget-heading .elementor-heading-title[class*=elementor-size-]>a{color:inherit;font-size:inherit;line-height:inherit}.elementor-widget-heading .elementor-heading-title.elementor-size-small{font-size:15px}.elementor-widget-heading .elementor-heading-title.elementor-size-medium{font-size:19px}.elementor-widget-heading .elementor-heading-title.elementor-size-large{font-size:29px}.elementor-widget-heading .elementor-heading-title.elementor-size-xl{font-size:39px}.elementor-widget-heading .elementor-heading-title.elementor-size-xxl{font-size:59px}<\/style><h2 class=\"elementor-heading-title elementor-size-default\">Relokacja linii produkcyjnych\n<\/h2>\t\t<\/div>\n\t\t\t\t<\/div>\n\t\t\t\t\t<\/div>\n\t\t<\/div>\n\t\t\t\t\t\t\t<\/div>\n\t\t<\/section>\n\t\t\t\t<section class=\"elementor-section elementor-top-section elementor-element elementor-element-03a8677 elementor-section-boxed elementor-section-height-default elementor-section-height-default\" data-id=\"03a8677\" data-element_type=\"section\">\n\t\t\t\t\t\t<div class=\"elementor-container elementor-column-gap-default\">\n\t\t\t\t\t<div class=\"elementor-column elementor-col-100 elementor-top-column elementor-element elementor-element-89cb489\" data-id=\"89cb489\" data-element_type=\"column\">\n\t\t\t<div class=\"elementor-widget-wrap elementor-element-populated\">\n\t\t\t\t\t\t\t\t<div class=\"elementor-element elementor-element-e89e266 elementor-widget elementor-widget-text-editor\" data-id=\"e89e266\" data-element_type=\"widget\" data-widget_type=\"text-editor.default\">\n\t\t\t\t<div class=\"elementor-widget-container\">\n\t\t\t\t\t\t\t<p>Nasza firma posiada odpowiednie sprz\u0119ty, kt\u00f3re s\u0105 w stanie przenie\u015b\u0107 maszyny czy konstrukcje o masie 100 ton i wi\u0119cej! Nie korzystamy jedynie z d\u017awig\u00f3w i podno\u015bnik\u00f3w, jako \u017ce cz\u0119\u015b\u0107 zada\u0144 musi by\u0107 przeprowadzona w taki spos\u00f3b, aby zarysowa\u0107 posadzek i innych powierzchni &#8211; do takich zada\u0144 specjalnych proponujemy systemy przeno\u015bnych pod\u0142\u00f3g, kt\u00f3re pozwalaj\u0105 na bezproblemow\u0105 relokacj\u0119 bardzo ci\u0119\u017ckich konstrukcji, zar\u00f3wno znajduj\u0105cych si\u0119 na powierzchni p\u0142askiej, jak i na wszelkiego rodzaju podwy\u017cszeniach lub zag\u0142\u0119bieniach w pod\u0142odze.<\/p>\t\t\t\t\t\t<\/div>\n\t\t\t\t<\/div>\n\t\t\t\t\t<\/div>\n\t\t<\/div>\n\t\t\t\t\t\t\t<\/div>\n\t\t<\/section>\n\t\t\t\t<section class=\"elementor-section elementor-top-section elementor-element elementor-element-58568c2 elementor-section-boxed elementor-section-height-default elementor-section-height-default\" data-id=\"58568c2\" data-element_type=\"section\">\n\t\t\t\t\t\t<div class=\"elementor-container elementor-column-gap-default\">\n\t\t\t\t\t<div class=\"elementor-column elementor-col-100 elementor-top-column elementor-element elementor-element-20d8f2e\" data-id=\"20d8f2e\" data-element_type=\"column\">\n\t\t\t<div class=\"elementor-widget-wrap elementor-element-populated\">\n\t\t\t\t\t\t\t\t<div class=\"elementor-element elementor-element-7494bee elementor-widget elementor-widget-heading\" data-id=\"7494bee\" data-element_type=\"widget\" data-widget_type=\"heading.default\">\n\t\t\t\t<div class=\"elementor-widget-container\">\n\t\t\t<h2 class=\"elementor-heading-title elementor-size-default\">Delikatne linie produkcyjne<\/h2>\t\t<\/div>\n\t\t\t\t<\/div>\n\t\t\t\t\t<\/div>\n\t\t<\/div>\n\t\t\t\t\t\t\t<\/div>\n\t\t<\/section>\n\t\t\t\t<section class=\"elementor-section elementor-top-section elementor-element elementor-element-92e1b90 elementor-section-boxed elementor-section-height-default elementor-section-height-default\" data-id=\"92e1b90\" data-element_type=\"section\">\n\t\t\t\t\t\t<div class=\"elementor-container elementor-column-gap-default\">\n\t\t\t\t\t<div class=\"elementor-column elementor-col-100 elementor-top-column elementor-element elementor-element-44675c8\" data-id=\"44675c8\" data-element_type=\"column\">\n\t\t\t<div class=\"elementor-widget-wrap elementor-element-populated\">\n\t\t\t\t\t\t\t\t<div class=\"elementor-element elementor-element-22963a0 elementor-widget elementor-widget-text-editor\" data-id=\"22963a0\" data-element_type=\"widget\" data-widget_type=\"text-editor.default\">\n\t\t\t\t<div class=\"elementor-widget-container\">\n\t\t\t\t\t\t\t<p>Oczywi\u015bcie, nie mo\u017cemy generalizowa\u0107 &#8211; nie wszystkie fabryki posiadaj\u0105 maszyny ci\u0119\u017ckie i trudne do relokacji z racji swojej masy. Niekt\u00f3re z nich to wi\u0119ksze lub mniejsze, ale bardzo delikatne lub kruche urz\u0105dzenia, kt\u00f3re trudno przetransportowa\u0107 z powodu mo\u017cliwo\u015bci ich zniszczenia. Je\u015bli chodzi o tego typu narz\u0119dzia, z ch\u0119ci\u0105 wspomo\u017cemy Pa\u0144stwa w relokacji takiej w\u0142a\u015bnie linii produkcyjnej! Dzi\u0119ki naszej ofercie, wspomo\u017cemy przew\u00f3z fabryk, zar\u00f3wno tych, w kt\u00f3rych znajduj\u0105 si\u0119 ogromne i ci\u0119\u017ckie maszyny, jak i tych z delikatnymi i \u0142atwymi do uszkodzenia urz\u0105dzeniami.<\/p>\t\t\t\t\t\t<\/div>\n\t\t\t\t<\/div>\n\t\t\t\t\t<\/div>\n\t\t<\/div>\n\t\t\t\t\t\t\t<\/div>\n\t\t<\/section>\n\t\t\t\t<section class=\"elementor-section elementor-top-section elementor-element elementor-element-9d455e9 elementor-section-boxed elementor-section-height-default elementor-section-height-default\" data-id=\"9d455e9\" data-element_type=\"section\">\n\t\t\t\t\t\t<div class=\"elementor-container elementor-column-gap-default\">\n\t\t\t\t\t<div class=\"elementor-column elementor-col-100 elementor-top-column elementor-element elementor-element-0d94860\" data-id=\"0d94860\" data-element_type=\"column\">\n\t\t\t<div class=\"elementor-widget-wrap elementor-element-populated\">\n\t\t\t\t\t\t\t\t<div class=\"elementor-element elementor-element-d3d88b7 elementor-widget elementor-widget-heading\" data-id=\"d3d88b7\" data-element_type=\"widget\" data-widget_type=\"heading.default\">\n\t\t\t\t<div class=\"elementor-widget-container\">\n\t\t\t<h2 class=\"elementor-heading-title elementor-size-default\">Us\u0142ugi demonta\u017cu linii produkcyjnych<\/h2>\t\t<\/div>\n\t\t\t\t<\/div>\n\t\t\t\t\t<\/div>\n\t\t<\/div>\n\t\t\t\t\t\t\t<\/div>\n\t\t<\/section>\n\t\t\t\t<section class=\"elementor-section elementor-top-section elementor-element elementor-element-be53aec elementor-section-boxed elementor-section-height-default elementor-section-height-default\" data-id=\"be53aec\" data-element_type=\"section\">\n\t\t\t\t\t\t<div class=\"elementor-container elementor-column-gap-default\">\n\t\t\t\t\t<div class=\"elementor-column elementor-col-100 elementor-top-column elementor-element elementor-element-a339099\" data-id=\"a339099\" data-element_type=\"column\">\n\t\t\t<div class=\"elementor-widget-wrap elementor-element-populated\">\n\t\t\t\t\t\t\t\t<div class=\"elementor-element elementor-element-fc53da0 elementor-widget elementor-widget-text-editor\" data-id=\"fc53da0\" data-element_type=\"widget\" data-widget_type=\"text-editor.default\">\n\t\t\t\t<div class=\"elementor-widget-container\">\n\t\t\t\t\t\t\t<p>Czasem jednak nie jest konieczne przewo\u017cenie konstrukcji w ca\u0142o\u015bci. Dzi\u0119ki naszym wykwalifikowanym specjalistom, mo\u017cliwy b\u0119dzie demonta\u017c urz\u0105dze\u0144 i zmontowanie ich nowo w docelowym miejscu fabryki. Posiadamy szereg maszyn i narz\u0119dzi, kt\u00f3re idealnie sprawdz\u0105 si\u0119 przy ka\u017cdym przenoszeniu. Nasz zesp\u00f3\u0142 wykwalifikowanych i ci\u0105gle podnosz\u0105cych umiej\u0119tno\u015bci specjalist\u00f3w pozwoli na bezpieczne i szybkie przeprowadzenie ca\u0142ej przeprowadzki \u2013 bez obaw i z ogromn\u0105 dba\u0142o\u015bci\u0105 o maszyny.<\/p>\t\t\t\t\t\t<\/div>\n\t\t\t\t<\/div>\n\t\t\t\t\t<\/div>\n\t\t<\/div>\n\t\t\t\t\t\t\t<\/div>\n\t\t<\/section>\n\t\t\t\t\t\t\t<\/div>\n\t\t","protected":false},"excerpt":{"rendered":"<p>Nasz\u0105 sztandarow\u0105 us\u0142ug\u0105 jest relokacja fabryk. Dzi\u0119ki niej, mo\u017cliwe jest bezproblemowa i wygodna zmiana i przeniesienie miejsca naszego zak\u0142adu. Wiele os\u00f3b mo\u017ce niech\u0119tnie podchodzi\u0107 do pomys\u0142u zmiany siedziby swojej firmy z powodu wielu mo\u017cliwych niedogodno\u015bci. Du\u017ce i ci\u0119\u017ckie maszyny, ogromne konstrukcje i inne elementy wyposa\u017cenia trudne do przewiezienia mog\u0105 sprawi\u0107, \u017ce w\u0142a\u015bciciele fabryk b\u0119d\u0105 my\u015ble\u0107,&hellip;&nbsp;<a href=\"https:\/\/jamniuk.pl\/index.php\/oferta-uslug\/relokacja-fabryk\/\" rel=\"bookmark\">Dowiedz si\u0119 wi\u0119cej &raquo;<span class=\"screen-reader-text\">Relokacja fabryk<\/span><\/a><\/p>\n","protected":false},"author":2,"featured_media":227,"parent":11,"menu_order":0,"comment_status":"closed","ping_status":"closed","template":"page-templates\/template-pagebuilder-full-width.php","meta":{"neve_meta_sidebar":"","neve_meta_container":"","neve_meta_enable_content_width":"","neve_meta_content_width":0,"neve_meta_title_alignment":"","neve_meta_author_avatar":"","neve_post_elements_order":"","neve_meta_disable_header":"","neve_meta_disable_footer":"","neve_meta_disable_title":"","footnotes":""},"_links":{"self":[{"href":"https:\/\/jamniuk.pl\/index.php\/wp-json\/wp\/v2\/pages\/26"}],"collection":[{"href":"https:\/\/jamniuk.pl\/index.php\/wp-json\/wp\/v2\/pages"}],"about":[{"href":"https:\/\/jamniuk.pl\/index.php\/wp-json\/wp\/v2\/types\/page"}],"author":[{"embeddable":true,"href":"https:\/\/jamniuk.pl\/index.php\/wp-json\/wp\/v2\/users\/2"}],"replies":[{"embeddable":true,"href":"https:\/\/jamniuk.pl\/index.php\/wp-json\/wp\/v2\/comments?post=26"}],"version-history":[{"count":8,"href":"https:\/\/jamniuk.pl\/index.php\/wp-json\/wp\/v2\/pages\/26\/revisions"}],"predecessor-version":[{"id":347,"href":"https:\/\/jamniuk.pl\/index.php\/wp-json\/wp\/v2\/pages\/26\/revisions\/347"}],"up":[{"embeddable":true,"href":"https:\/\/jamniuk.pl\/index.php\/wp-json\/wp\/v2\/pages\/11"}],"wp:featuredmedia":[{"embeddable":true,"href":"https:\/\/jamniuk.pl\/index.php\/wp-json\/wp\/v2\/media\/227"}],"wp:attachment":[{"href":"https:\/\/jamniuk.pl\/index.php\/wp-json\/wp\/v2\/media?parent=26"}],"curies":[{"name":"wp","href":"https:\/\/api.w.org\/{rel}","templated":true}]}}