{"id":38,"date":"2023-05-18T13:32:48","date_gmt":"2023-05-18T13:32:48","guid":{"rendered":"https:\/\/jamniuk.pl\/?page_id=38"},"modified":"2023-05-23T09:17:40","modified_gmt":"2023-05-23T09:17:40","slug":"utrzymanie-ruchu-przemyslowego","status":"publish","type":"page","link":"https:\/\/jamniuk.pl\/index.php\/oferta-uslug\/utrzymanie-ruchu-przemyslowego\/","title":{"rendered":"Utrzymanie ruchu przemys\u0142owego"},"content":{"rendered":"\t\t<div data-elementor-type=\"wp-page\" data-elementor-id=\"38\" class=\"elementor elementor-38\">\n\t\t\t\t\t\t\t\t\t<section class=\"elementor-section elementor-top-section elementor-element elementor-element-708e952 elementor-section-boxed elementor-section-height-default elementor-section-height-default\" data-id=\"708e952\" data-element_type=\"section\">\n\t\t\t\t\t\t<div class=\"elementor-container elementor-column-gap-default\">\n\t\t\t\t\t<div class=\"elementor-column elementor-col-100 elementor-top-column elementor-element elementor-element-ef1c392\" data-id=\"ef1c392\" data-element_type=\"column\">\n\t\t\t<div class=\"elementor-widget-wrap elementor-element-populated\">\n\t\t\t\t\t\t\t\t<div class=\"elementor-element elementor-element-075ad42 elementor-widget elementor-widget-text-editor\" data-id=\"075ad42\" data-element_type=\"widget\" data-widget_type=\"text-editor.default\">\n\t\t\t\t<div class=\"elementor-widget-container\">\n\t\t\t<style>\/*! elementor - v3.13.3 - 28-05-2023 *\/\n.elementor-widget-text-editor.elementor-drop-cap-view-stacked .elementor-drop-cap{background-color:#69727d;color:#fff}.elementor-widget-text-editor.elementor-drop-cap-view-framed .elementor-drop-cap{color:#69727d;border:3px solid;background-color:transparent}.elementor-widget-text-editor:not(.elementor-drop-cap-view-default) .elementor-drop-cap{margin-top:8px}.elementor-widget-text-editor:not(.elementor-drop-cap-view-default) .elementor-drop-cap-letter{width:1em;height:1em}.elementor-widget-text-editor .elementor-drop-cap{float:left;text-align:center;line-height:1;font-size:50px}.elementor-widget-text-editor .elementor-drop-cap-letter{display:inline-block}<\/style>\t\t\t\t<p class=\"bodytext\">W ka\u017cdym przedsi\u0119biorstwie istotnym elementem prowadzenia dzia\u0142alno\u015bci jest utrzymanie ruchu. Dotyczy to przede wszystkim proces\u00f3w produkcyjnych. W\u0142a\u015bciwie zaplanowane i realizowane dzia\u0142ania pozwalaj\u0105 minimalizowa\u0107 straty spowodowane nieplanowanymi przestojami. Jednocze\u015bnie ograniczeniu ulegaj\u0105 koszty serwisu linii produkcyjnych oraz instalacji i maszyn.<\/p><p class=\"bodytext\">Podejmujemy odpowiednie kroki nie tylko w momencie wyst\u0105pienia powa\u017cnej awarii czy usterki, ale tak\u017ce skupiamy si\u0119 na dzia\u0142aniach w formie inspekcji oraz regularnego serwisu urz\u0105dze\u0144. Dzi\u0119ki temu utrzymujemy bezawaryjno\u015b\u0107 maszyn, zapewniamy ci\u0105g\u0142o\u015b\u0107 produkcji, a tak\u017ce potrafimy zidentyfikowa\u0107 najbardziej awaryjny sprz\u0119t oraz redukujemy koszty napraw.<\/p>\t\t\t\t\t\t<\/div>\n\t\t\t\t<\/div>\n\t\t\t\t\t<\/div>\n\t\t<\/div>\n\t\t\t\t\t\t\t<\/div>\n\t\t<\/section>\n\t\t\t\t<section class=\"elementor-section elementor-top-section elementor-element elementor-element-1c348b8 elementor-section-boxed elementor-section-height-default elementor-section-height-default\" data-id=\"1c348b8\" data-element_type=\"section\">\n\t\t\t\t\t\t<div class=\"elementor-container elementor-column-gap-default\">\n\t\t\t\t\t<div class=\"elementor-column elementor-col-100 elementor-top-column elementor-element elementor-element-6c789fd\" data-id=\"6c789fd\" data-element_type=\"column\">\n\t\t\t<div class=\"elementor-widget-wrap elementor-element-populated\">\n\t\t\t\t\t\t\t\t<div class=\"elementor-element elementor-element-85deb5a elementor-widget elementor-widget-heading\" data-id=\"85deb5a\" data-element_type=\"widget\" data-widget_type=\"heading.default\">\n\t\t\t\t<div class=\"elementor-widget-container\">\n\t\t\t<style>\/*! elementor - v3.13.3 - 28-05-2023 *\/\n.elementor-heading-title{padding:0;margin:0;line-height:1}.elementor-widget-heading .elementor-heading-title[class*=elementor-size-]>a{color:inherit;font-size:inherit;line-height:inherit}.elementor-widget-heading .elementor-heading-title.elementor-size-small{font-size:15px}.elementor-widget-heading .elementor-heading-title.elementor-size-medium{font-size:19px}.elementor-widget-heading .elementor-heading-title.elementor-size-large{font-size:29px}.elementor-widget-heading .elementor-heading-title.elementor-size-xl{font-size:39px}.elementor-widget-heading .elementor-heading-title.elementor-size-xxl{font-size:59px}<\/style><h2 class=\"elementor-heading-title elementor-size-default\">Obs\u0142uga linii produkcyjnych<\/h2>\t\t<\/div>\n\t\t\t\t<\/div>\n\t\t\t\t\t<\/div>\n\t\t<\/div>\n\t\t\t\t\t\t\t<\/div>\n\t\t<\/section>\n\t\t\t\t<section class=\"elementor-section elementor-top-section elementor-element elementor-element-9991368 elementor-section-boxed elementor-section-height-default elementor-section-height-default\" data-id=\"9991368\" data-element_type=\"section\">\n\t\t\t\t\t\t<div class=\"elementor-container elementor-column-gap-default\">\n\t\t\t\t\t<div class=\"elementor-column elementor-col-100 elementor-top-column elementor-element elementor-element-694114e\" data-id=\"694114e\" data-element_type=\"column\">\n\t\t\t<div class=\"elementor-widget-wrap elementor-element-populated\">\n\t\t\t\t\t\t\t\t<div class=\"elementor-element elementor-element-54c55c8 elementor-widget elementor-widget-text-editor\" data-id=\"54c55c8\" data-element_type=\"widget\" data-widget_type=\"text-editor.default\">\n\t\t\t\t<div class=\"elementor-widget-container\">\n\t\t\t\t\t\t\t<p class=\"bodytext\">Naszym celem jest zapewnienie klientom ci\u0105g\u0142o\u015bci pracy linii produkcyjnych oraz ograniczenie koszt\u00f3w przestoj\u00f3w poprzez kompleksowo zaplanowane i realizowane us\u0142ugi utrzymania ruchu przemys\u0142owego. Zesp\u00f3\u0142 naszych wykwalifikowanych monter\u00f3w, in\u017cynier\u00f3w, elektryk\u00f3w i mechanik\u00f3w podejmuje nast\u0119puj\u0105ce dzia\u0142ania dla zachowania p\u0142ynno\u015bci proces\u00f3w technologicznych:<\/p><p class=\"bodytext\">&#8211; przegl\u0105dy i konserwacja maszyn,<br \/>&#8211; dokumentacja techniczna urz\u0105dze\u0144,<br \/>&#8211; diagnostyka techniczna maszyn i urz\u0105dze\u0144 przemys\u0142owych,<br \/>&#8211; usuwanie awarii,<br \/>&#8211; serwis automatyki przemys\u0142owej<\/p><p class=\"bodytext\">Zajmujemy si\u0119 tak\u017ce w pe\u0142ni zautomatyzowanymi liniami, stanowiskami, kt\u00f3re wymagaj\u0105 obecno\u015bci operator\u00f3w oraz nietypowymi maszynami.<\/p>\t\t\t\t\t\t<\/div>\n\t\t\t\t<\/div>\n\t\t\t\t\t<\/div>\n\t\t<\/div>\n\t\t\t\t\t\t\t<\/div>\n\t\t<\/section>\n\t\t\t\t<section class=\"elementor-section elementor-top-section elementor-element elementor-element-2f5e975 elementor-section-boxed elementor-section-height-default elementor-section-height-default\" data-id=\"2f5e975\" data-element_type=\"section\">\n\t\t\t\t\t\t<div class=\"elementor-container elementor-column-gap-default\">\n\t\t\t\t\t<div class=\"elementor-column elementor-col-100 elementor-top-column elementor-element elementor-element-5517cca\" data-id=\"5517cca\" data-element_type=\"column\">\n\t\t\t<div class=\"elementor-widget-wrap elementor-element-populated\">\n\t\t\t\t\t\t\t\t<div class=\"elementor-element elementor-element-2d2762b elementor-widget elementor-widget-heading\" data-id=\"2d2762b\" data-element_type=\"widget\" data-widget_type=\"heading.default\">\n\t\t\t\t<div class=\"elementor-widget-container\">\n\t\t\t<h2 class=\"elementor-heading-title elementor-size-default\">Utrzymanie ruchu oko\u0142oprodukcyjnego\n<\/h2>\t\t<\/div>\n\t\t\t\t<\/div>\n\t\t\t\t\t<\/div>\n\t\t<\/div>\n\t\t\t\t\t\t\t<\/div>\n\t\t<\/section>\n\t\t\t\t<section class=\"elementor-section elementor-top-section elementor-element elementor-element-2daea08 elementor-section-boxed elementor-section-height-default elementor-section-height-default\" data-id=\"2daea08\" data-element_type=\"section\">\n\t\t\t\t\t\t<div class=\"elementor-container elementor-column-gap-default\">\n\t\t\t\t\t<div class=\"elementor-column elementor-col-100 elementor-top-column elementor-element elementor-element-7d2ce59\" data-id=\"7d2ce59\" data-element_type=\"column\">\n\t\t\t<div class=\"elementor-widget-wrap elementor-element-populated\">\n\t\t\t\t\t\t\t\t<div class=\"elementor-element elementor-element-0bca947 elementor-widget elementor-widget-text-editor\" data-id=\"0bca947\" data-element_type=\"widget\" data-widget_type=\"text-editor.default\">\n\t\t\t\t<div class=\"elementor-widget-container\">\n\t\t\t\t\t\t\t<p class=\"bodytext\">Oferujemy naszym klientom utrzymanie ruchu linii produkcyjnych oraz ruchu oko\u0142oprodukcyjnego w zakresie:<\/p><p class=\"bodytext\">&#8211; smarowania i innych prac konserwacyjnych maszyn i urz\u0105dze\u0144,<br \/>&#8211; ca\u0142odobowego wsparcia technicznego,<br \/>&#8211; korekcyjnego i prewencyjnego utrzymania ruchu,<br \/>&#8211; aktualizacji dokumentacji technicznej maszyn,<br \/>&#8211; planowania prac modernizacyjnych i remontowych,<br \/>&#8211; czyszcze\u0144 technicznych maszyn,<br \/>&#8211; zakupu cz\u0119\u015bci zamiennych i logistycznego zarz\u0105dzania nimi.<\/p><p class=\"bodytext\">Przedmiotem naszej dzia\u0142alno\u015bci jest r\u00f3wnie\u017c planowanie i realizacja ulepsze\u0144 technicznych urz\u0105dze\u0144, prac remontowych w ramach TPM oraz serwisu automatyki przemys\u0142owej.<\/p>\t\t\t\t\t\t<\/div>\n\t\t\t\t<\/div>\n\t\t\t\t\t<\/div>\n\t\t<\/div>\n\t\t\t\t\t\t\t<\/div>\n\t\t<\/section>\n\t\t\t\t\t\t\t<\/div>\n\t\t","protected":false},"excerpt":{"rendered":"<p>W ka\u017cdym przedsi\u0119biorstwie istotnym elementem prowadzenia dzia\u0142alno\u015bci jest utrzymanie ruchu. Dotyczy to przede wszystkim proces\u00f3w produkcyjnych. W\u0142a\u015bciwie zaplanowane i realizowane dzia\u0142ania pozwalaj\u0105 minimalizowa\u0107 straty spowodowane nieplanowanymi przestojami. Jednocze\u015bnie ograniczeniu ulegaj\u0105 koszty serwisu linii produkcyjnych oraz instalacji i maszyn. Podejmujemy odpowiednie kroki nie tylko w momencie wyst\u0105pienia powa\u017cnej awarii czy usterki, ale tak\u017ce skupiamy si\u0119 na&hellip;&nbsp;<a href=\"https:\/\/jamniuk.pl\/index.php\/oferta-uslug\/utrzymanie-ruchu-przemyslowego\/\" rel=\"bookmark\">Dowiedz si\u0119 wi\u0119cej &raquo;<span class=\"screen-reader-text\">Utrzymanie ruchu przemys\u0142owego<\/span><\/a><\/p>\n","protected":false},"author":2,"featured_media":226,"parent":11,"menu_order":0,"comment_status":"closed","ping_status":"closed","template":"page-templates\/template-pagebuilder-full-width.php","meta":{"neve_meta_sidebar":"","neve_meta_container":"","neve_meta_enable_content_width":"","neve_meta_content_width":0,"neve_meta_title_alignment":"","neve_meta_author_avatar":"","neve_post_elements_order":"","neve_meta_disable_header":"","neve_meta_disable_footer":"","neve_meta_disable_title":"","footnotes":""},"_links":{"self":[{"href":"https:\/\/jamniuk.pl\/index.php\/wp-json\/wp\/v2\/pages\/38"}],"collection":[{"href":"https:\/\/jamniuk.pl\/index.php\/wp-json\/wp\/v2\/pages"}],"about":[{"href":"https:\/\/jamniuk.pl\/index.php\/wp-json\/wp\/v2\/types\/page"}],"author":[{"embeddable":true,"href":"https:\/\/jamniuk.pl\/index.php\/wp-json\/wp\/v2\/users\/2"}],"replies":[{"embeddable":true,"href":"https:\/\/jamniuk.pl\/index.php\/wp-json\/wp\/v2\/comments?post=38"}],"version-history":[{"count":5,"href":"https:\/\/jamniuk.pl\/index.php\/wp-json\/wp\/v2\/pages\/38\/revisions"}],"predecessor-version":[{"id":343,"href":"https:\/\/jamniuk.pl\/index.php\/wp-json\/wp\/v2\/pages\/38\/revisions\/343"}],"up":[{"embeddable":true,"href":"https:\/\/jamniuk.pl\/index.php\/wp-json\/wp\/v2\/pages\/11"}],"wp:featuredmedia":[{"embeddable":true,"href":"https:\/\/jamniuk.pl\/index.php\/wp-json\/wp\/v2\/media\/226"}],"wp:attachment":[{"href":"https:\/\/jamniuk.pl\/index.php\/wp-json\/wp\/v2\/media?parent=38"}],"curies":[{"name":"wp","href":"https:\/\/api.w.org\/{rel}","templated":true}]}}